{"id":12,"date":"2024-05-11T00:25:41","date_gmt":"2024-05-11T03:25:41","guid":{"rendered":"https:\/\/sos.reumatologiars.com.br\/campanha\/?page_id=12"},"modified":"2024-06-03T10:51:16","modified_gmt":"2024-06-03T13:51:16","slug":"pagina-principal","status":"publish","type":"page","link":"https:\/\/sos.reumatologiars.com.br\/campanha\/","title":{"rendered":"P\u00e1gina Principal"},"content":{"rendered":"\t\t<div data-elementor-type=\"wp-page\" data-elementor-id=\"12\" class=\"elementor elementor-12\" data-elementor-post-type=\"page\">\n\t\t\t\t<div class=\"elementor-element elementor-element-70a3b1b e-flex e-con-boxed e-con e-parent\" data-id=\"70a3b1b\" data-element_type=\"container\" data-e-type=\"container\" data-settings=\"{&quot;background_background&quot;:&quot;classic&quot;}\">\n\t\t\t\t\t<div class=\"e-con-inner\">\n\t\t\t\t\t<\/div>\n\t\t\t\t<\/div>\n\t\t<div class=\"elementor-element elementor-element-31839a2 e-flex e-con-boxed e-con e-parent\" data-id=\"31839a2\" data-element_type=\"container\" data-e-type=\"container\">\n\t\t\t\t\t<div class=\"e-con-inner\">\n\t\t<div class=\"elementor-element elementor-element-b4ff0ac e-flex e-con-boxed e-con e-child\" data-id=\"b4ff0ac\" data-element_type=\"container\" data-e-type=\"container\" data-settings=\"{&quot;background_background&quot;:&quot;classic&quot;}\">\n\t\t\t\t\t<div class=\"e-con-inner\">\n\t\t\t\t<div class=\"elementor-element elementor-element-efe71dd elementor-widget elementor-widget-heading\" data-id=\"efe71dd\" data-element_type=\"widget\" data-e-type=\"widget\" data-widget_type=\"heading.default\">\n\t\t\t\t<div class=\"elementor-widget-container\">\n\t\t\t\t\t<h1 class=\"elementor-heading-title elementor-size-default\">Encerramento do Site da Campanha SOS Reumatologia RS<\/h1>\t\t\t\t<\/div>\n\t\t\t\t<\/div>\n\t\t\t\t<div class=\"elementor-element elementor-element-00af770 elementor-widget elementor-widget-heading\" data-id=\"00af770\" data-element_type=\"widget\" data-e-type=\"widget\" data-widget_type=\"heading.default\">\n\t\t\t\t<div class=\"elementor-widget-container\">\n\t\t\t\t\t<div class=\"elementor-heading-title elementor-size-default\">Caros doadores, volunt\u00e1rios e apoiadores,<\/div>\t\t\t\t<\/div>\n\t\t\t\t<\/div>\n\t\t\t\t<div class=\"elementor-element elementor-element-7980a20 elementor-widget elementor-widget-heading\" data-id=\"7980a20\" data-element_type=\"widget\" data-e-type=\"widget\" data-widget_type=\"heading.default\">\n\t\t\t\t<div class=\"elementor-widget-container\">\n\t\t\t\t\t<div class=\"elementor-heading-title elementor-size-default\">\u00c9 com imensa gratid\u00e3o que informamos o encerramento das atividades da campanha SOS Reumatologia RS em nosso site. Desde o seu lan\u00e7amento, recebemos uma onda emocionante de solidariedade e generosidade, que ultrapassou todas as expectativas.<\/div>\t\t\t\t<\/div>\n\t\t\t\t<\/div>\n\t\t\t\t<div class=\"elementor-element elementor-element-86e9120 elementor-widget elementor-widget-heading\" data-id=\"86e9120\" data-element_type=\"widget\" data-e-type=\"widget\" data-widget_type=\"heading.default\">\n\t\t\t\t<div class=\"elementor-widget-container\">\n\t\t\t\t\t<div class=\"elementor-heading-title elementor-size-default\">Gostar\u00edamos de expressar nossa profunda gratid\u00e3o a cada pessoa, institui\u00e7\u00e3o e empresa que contribuiu para esta causa nobre. Gra\u00e7as ao esfor\u00e7o conjunto, conseguimos arrecadar um grande volume de medicamentos e recursos para ajudar os pacientes reum\u00e1ticos afetados pelas enchentes em nosso estado.<\/div>\t\t\t\t<\/div>\n\t\t\t\t<\/div>\n\t\t\t\t<div class=\"elementor-element elementor-element-b337c3e elementor-widget elementor-widget-heading\" data-id=\"b337c3e\" data-element_type=\"widget\" data-e-type=\"widget\" data-widget_type=\"heading.default\">\n\t\t\t\t<div class=\"elementor-widget-container\">\n\t\t\t\t\t<div class=\"elementor-heading-title elementor-size-default\">\u00c9 importante ressaltar que o voluntariado continuar\u00e1 trabalhando para distribuir todas as doa\u00e7\u00f5es recebidas, garantindo que cheguem \u00e0s m\u00e3os dos que mais precisam. Al\u00e9m disso, para garantir transpar\u00eancia, estaremos documentando todas as doa\u00e7\u00f5es e seus destinos.<\/div>\t\t\t\t<\/div>\n\t\t\t\t<\/div>\n\t\t\t\t<div class=\"elementor-element elementor-element-fcc6f70 elementor-widget elementor-widget-heading\" data-id=\"fcc6f70\" data-element_type=\"widget\" data-e-type=\"widget\" data-widget_type=\"heading.default\">\n\t\t\t\t<div class=\"elementor-widget-container\">\n\t\t\t\t\t<div class=\"elementor-heading-title elementor-size-default\">Por fim, queremos expressar nossa admira\u00e7\u00e3o e respeito por todos os envolvidos nesta campanha. Juntos, fizemos a diferen\u00e7a na vida de muitas pessoas em um momento de extrema necessidade.<\/div>\t\t\t\t<\/div>\n\t\t\t\t<\/div>\n\t\t\t\t<div class=\"elementor-element elementor-element-abc1ddc elementor-widget elementor-widget-heading\" data-id=\"abc1ddc\" data-element_type=\"widget\" data-e-type=\"widget\" data-widget_type=\"heading.default\">\n\t\t\t\t<div class=\"elementor-widget-container\">\n\t\t\t\t\t<div class=\"elementor-heading-title elementor-size-default\">Continuamos comprometidos com a miss\u00e3o humanit\u00e1ria de apoiar e acolher os pacientes reum\u00e1ticos do Rio Grande do Sul.\n<\/div>\t\t\t\t<\/div>\n\t\t\t\t<\/div>\n\t\t\t\t<div class=\"elementor-element elementor-element-e799af8 elementor-widget elementor-widget-heading\" data-id=\"e799af8\" data-element_type=\"widget\" data-e-type=\"widget\" data-widget_type=\"heading.default\">\n\t\t\t\t<div class=\"elementor-widget-container\">\n\t\t\t\t\t<div class=\"elementor-heading-title elementor-size-default\">Muito obrigado por fazerem parte desta jornada humanit\u00e1ria conosco.<\/div>\t\t\t\t<\/div>\n\t\t\t\t<\/div>\n\t\t\t\t<div class=\"elementor-element elementor-element-5ad7ac0 elementor-widget elementor-widget-heading\" data-id=\"5ad7ac0\" data-element_type=\"widget\" data-e-type=\"widget\" data-widget_type=\"heading.default\">\n\t\t\t\t<div class=\"elementor-widget-container\">\n\t\t\t\t\t<div class=\"elementor-heading-title elementor-size-default\">Comiss\u00e3o de Coordena\u00e7\u00e3o da Campanha SOS Reumatologia RS<br>\nSociedade de Reumatologia do Rio Grande do Sul<\/div>\t\t\t\t<\/div>\n\t\t\t\t<\/div>\n\t\t\t\t\t<\/div>\n\t\t\t\t<\/div>\n\t\t\t\t\t<\/div>\n\t\t\t\t<\/div>\n\t\t<div class=\"elementor-element elementor-element-47887e7 elementor-hidden-desktop elementor-hidden-laptop elementor-hidden-tablet elementor-hidden-mobile e-flex e-con-boxed e-con e-parent\" data-id=\"47887e7\" data-element_type=\"container\" data-e-type=\"container\">\n\t\t\t\t\t<div class=\"e-con-inner\">\n\t\t\t\t<div class=\"elementor-element elementor-element-206b079 elementor-widget elementor-widget-heading\" data-id=\"206b079\" data-element_type=\"widget\" data-e-type=\"widget\" data-widget_type=\"heading.default\">\n\t\t\t\t<div class=\"elementor-widget-container\">\n\t\t\t\t\t<div class=\"elementor-heading-title elementor-size-default\">Acesse uma op\u00e7\u00e3o abaixo:<\/div>\t\t\t\t<\/div>\n\t\t\t\t<\/div>\n\t\t\t\t\t<\/div>\n\t\t\t\t<\/div>\n\t\t<div class=\"elementor-element elementor-element-7271a90 elementor-hidden-desktop elementor-hidden-laptop elementor-hidden-tablet elementor-hidden-mobile e-flex e-con-boxed e-con e-parent\" data-id=\"7271a90\" data-element_type=\"container\" data-e-type=\"container\">\n\t\t\t\t\t<div class=\"e-con-inner\">\n\t\t\t\t<div class=\"elementor-element elementor-element-fb7adf8 elementor-align-left elementor-widget elementor-widget-button\" data-id=\"fb7adf8\" data-element_type=\"widget\" data-e-type=\"widget\" data-widget_type=\"button.default\">\n\t\t\t\t<div class=\"elementor-widget-container\">\n\t\t\t\t\t\t\t\t\t<div class=\"elementor-button-wrapper\">\n\t\t\t\t\t<a class=\"elementor-button elementor-button-link elementor-size-sm\" href=\"https:\/\/sos.reumatologiars.com.br\/paciente\" target=\"_blank\">\n\t\t\t\t\t\t<span class=\"elementor-button-content-wrapper\">\n\t\t\t\t\t\t\t\t\t<span class=\"elementor-button-text\">Cadastro de Pacientes<\/span>\n\t\t\t\t\t<\/span>\n\t\t\t\t\t<\/a>\n\t\t\t\t<\/div>\n\t\t\t\t\t\t\t\t<\/div>\n\t\t\t\t<\/div>\n\t\t\t\t<div class=\"elementor-element elementor-element-0ed4f88 elementor-align-left elementor-widget elementor-widget-button\" data-id=\"0ed4f88\" data-element_type=\"widget\" data-e-type=\"widget\" data-widget_type=\"button.default\">\n\t\t\t\t<div class=\"elementor-widget-container\">\n\t\t\t\t\t\t\t\t\t<div class=\"elementor-button-wrapper\">\n\t\t\t\t\t<a class=\"elementor-button elementor-button-link elementor-size-sm\" href=\"https:\/\/sos.reumatologiars.com.br\/doador\" target=\"_blank\">\n\t\t\t\t\t\t<span class=\"elementor-button-content-wrapper\">\n\t\t\t\t\t\t\t\t\t<span class=\"elementor-button-text\">Cadastro de Doadores<\/span>\n\t\t\t\t\t<\/span>\n\t\t\t\t\t<\/a>\n\t\t\t\t<\/div>\n\t\t\t\t\t\t\t\t<\/div>\n\t\t\t\t<\/div>\n\t\t\t\t\t<\/div>\n\t\t\t\t<\/div>\n\t\t\t\t<\/div>\n\t\t","protected":false},"excerpt":{"rendered":"<p>Encerramento do Site da Campanha SOS Reumatologia RS Caros doadores, volunt\u00e1rios e apoiadores, \u00c9 com imensa gratid\u00e3o que informamos o encerramento das atividades da campanha SOS Reumatologia RS em nosso site. Desde o seu lan\u00e7amento, recebemos uma onda emocionante de solidariedade e generosidade, que ultrapassou todas as expectativas. Gostar\u00edamos de expressar nossa profunda gratid\u00e3o a [&hellip;]<\/p>\n","protected":false},"author":1,"featured_media":0,"parent":0,"menu_order":0,"comment_status":"closed","ping_status":"closed","template":"elementor_header_footer","meta":{"footnotes":""},"class_list":["post-12","page","type-page","status-publish","hentry"],"_links":{"self":[{"href":"https:\/\/sos.reumatologiars.com.br\/campanha\/wp-json\/wp\/v2\/pages\/12","targetHints":{"allow":["GET"]}}],"collection":[{"href":"https:\/\/sos.reumatologiars.com.br\/campanha\/wp-json\/wp\/v2\/pages"}],"about":[{"href":"https:\/\/sos.reumatologiars.com.br\/campanha\/wp-json\/wp\/v2\/types\/page"}],"author":[{"embeddable":true,"href":"https:\/\/sos.reumatologiars.com.br\/campanha\/wp-json\/wp\/v2\/users\/1"}],"replies":[{"embeddable":true,"href":"https:\/\/sos.reumatologiars.com.br\/campanha\/wp-json\/wp\/v2\/comments?post=12"}],"version-history":[{"count":149,"href":"https:\/\/sos.reumatologiars.com.br\/campanha\/wp-json\/wp\/v2\/pages\/12\/revisions"}],"predecessor-version":[{"id":229,"href":"https:\/\/sos.reumatologiars.com.br\/campanha\/wp-json\/wp\/v2\/pages\/12\/revisions\/229"}],"wp:attachment":[{"href":"https:\/\/sos.reumatologiars.com.br\/campanha\/wp-json\/wp\/v2\/media?parent=12"}],"curies":[{"name":"wp","href":"https:\/\/api.w.org\/{rel}","templated":true}]}}