{"id":30,"date":"2024-05-11T00:32:33","date_gmt":"2024-05-11T03:32:33","guid":{"rendered":"https:\/\/sos.reumatologiars.com.br\/campanha\/?page_id=30"},"modified":"2024-05-11T13:35:43","modified_gmt":"2024-05-11T16:35:43","slug":"centros-de-reumatologia","status":"publish","type":"page","link":"https:\/\/sos.reumatologiars.com.br\/campanha\/centros-de-reumatologia\/","title":{"rendered":"Centros de Reumatologia"},"content":{"rendered":"\t\t<div data-elementor-type=\"wp-page\" data-elementor-id=\"30\" class=\"elementor elementor-30\" data-elementor-post-type=\"page\">\n\t\t\t\t<div class=\"elementor-element elementor-element-4e80703 e-flex e-con-boxed e-con e-parent\" data-id=\"4e80703\" data-element_type=\"container\" data-e-type=\"container\">\n\t\t\t\t\t<div class=\"e-con-inner\">\n\t\t\t\t<div class=\"elementor-element elementor-element-7dd8647 elementor-widget elementor-widget-heading\" data-id=\"7dd8647\" data-element_type=\"widget\" data-e-type=\"widget\" data-widget_type=\"heading.default\">\n\t\t\t\t<div class=\"elementor-widget-container\">\n\t\t\t\t\t<h1 class=\"elementor-heading-title elementor-size-default\">Centros de Refer\u00eancia<\/h1>\t\t\t\t<\/div>\n\t\t\t\t<\/div>\n\t\t\t\t\t<\/div>\n\t\t\t\t<\/div>\n\t\t<div class=\"elementor-element elementor-element-aa09821 e-flex e-con-boxed e-con e-parent\" data-id=\"aa09821\" data-element_type=\"container\" data-e-type=\"container\">\n\t\t\t\t\t<div class=\"e-con-inner\">\n\t\t<div class=\"elementor-element elementor-element-ad4f091 e-flex e-con-boxed e-con e-child\" data-id=\"ad4f091\" data-element_type=\"container\" data-e-type=\"container\" data-settings=\"{&quot;background_background&quot;:&quot;classic&quot;}\">\n\t\t\t\t\t<div class=\"e-con-inner\">\n\t\t\t\t<div class=\"elementor-element elementor-element-424f11e elementor-widget elementor-widget-heading\" data-id=\"424f11e\" data-element_type=\"widget\" data-e-type=\"widget\" data-widget_type=\"heading.default\">\n\t\t\t\t<div class=\"elementor-widget-container\">\n\t\t\t\t\t<div class=\"elementor-heading-title elementor-size-default\">Hospital de Cl\u00ednicas de Porto Alegre<\/div>\t\t\t\t<\/div>\n\t\t\t\t<\/div>\n\t\t\t\t<div class=\"elementor-element elementor-element-8adf366 elementor-widget elementor-widget-heading\" data-id=\"8adf366\" data-element_type=\"widget\" data-e-type=\"widget\" data-widget_type=\"heading.default\">\n\t\t\t\t<div class=\"elementor-widget-container\">\n\t\t\t\t\t<div class=\"elementor-heading-title elementor-size-default\"><b>Endere\u00e7o:<\/b> Rua Ramiro Barcelos, 2350 Bloco A, Av. Prot\u00e1sio Alves, 211 - Bloco B e C - Santa Cec\u00edlia, Porto Alegre - RS, 90035-903<\/div>\t\t\t\t<\/div>\n\t\t\t\t<\/div>\n\t\t\t\t<div class=\"elementor-element elementor-element-33d6b5e elementor-widget elementor-widget-heading\" data-id=\"33d6b5e\" data-element_type=\"widget\" data-e-type=\"widget\" data-widget_type=\"heading.default\">\n\t\t\t\t<div class=\"elementor-widget-container\">\n\t\t\t\t\t<div class=\"elementor-heading-title elementor-size-default\"><b>Telefone:<\/b> (51) 3359-8000<\/div>\t\t\t\t<\/div>\n\t\t\t\t<\/div>\n\t\t\t\t\t<\/div>\n\t\t\t\t<\/div>\n\t\t\t\t\t<\/div>\n\t\t\t\t<\/div>\n\t\t<div class=\"elementor-element elementor-element-1ce4df0 e-flex e-con-boxed e-con e-parent\" data-id=\"1ce4df0\" data-element_type=\"container\" data-e-type=\"container\">\n\t\t\t\t\t<div class=\"e-con-inner\">\n\t\t<div class=\"elementor-element elementor-element-4bdadf8 e-flex e-con-boxed e-con e-child\" data-id=\"4bdadf8\" data-element_type=\"container\" data-e-type=\"container\" data-settings=\"{&quot;background_background&quot;:&quot;classic&quot;}\">\n\t\t\t\t\t<div class=\"e-con-inner\">\n\t\t\t\t<div class=\"elementor-element elementor-element-b78e15d elementor-widget elementor-widget-heading\" data-id=\"b78e15d\" data-element_type=\"widget\" data-e-type=\"widget\" data-widget_type=\"heading.default\">\n\t\t\t\t<div class=\"elementor-widget-container\">\n\t\t\t\t\t<div class=\"elementor-heading-title elementor-size-default\">Hospital S\u00e3o Lucas da PUCRS<\/div>\t\t\t\t<\/div>\n\t\t\t\t<\/div>\n\t\t\t\t<div class=\"elementor-element elementor-element-393e2f3 elementor-widget elementor-widget-heading\" data-id=\"393e2f3\" data-element_type=\"widget\" data-e-type=\"widget\" data-widget_type=\"heading.default\">\n\t\t\t\t<div class=\"elementor-widget-container\">\n\t\t\t\t\t<div class=\"elementor-heading-title elementor-size-default\"><b>Endere\u00e7o:<\/b> Av. Ipiranga, 6690 - Partenon, Porto Alegre - RS, 90610-001<\/div>\t\t\t\t<\/div>\n\t\t\t\t<\/div>\n\t\t\t\t<div class=\"elementor-element elementor-element-a6f74ac elementor-widget elementor-widget-heading\" data-id=\"a6f74ac\" data-element_type=\"widget\" data-e-type=\"widget\" data-widget_type=\"heading.default\">\n\t\t\t\t<div class=\"elementor-widget-container\">\n\t\t\t\t\t<div class=\"elementor-heading-title elementor-size-default\"><b>Telefone:<\/b> (51) 3359-8000<\/div>\t\t\t\t<\/div>\n\t\t\t\t<\/div>\n\t\t\t\t\t<\/div>\n\t\t\t\t<\/div>\n\t\t\t\t\t<\/div>\n\t\t\t\t<\/div>\n\t\t<div class=\"elementor-element elementor-element-6588399 e-flex e-con-boxed e-con e-parent\" data-id=\"6588399\" data-element_type=\"container\" data-e-type=\"container\">\n\t\t\t\t\t<div class=\"e-con-inner\">\n\t\t<div class=\"elementor-element elementor-element-389f5df e-flex e-con-boxed e-con e-child\" data-id=\"389f5df\" data-element_type=\"container\" data-e-type=\"container\" data-settings=\"{&quot;background_background&quot;:&quot;classic&quot;}\">\n\t\t\t\t\t<div class=\"e-con-inner\">\n\t\t\t\t<div class=\"elementor-element elementor-element-8efea8f elementor-widget elementor-widget-heading\" data-id=\"8efea8f\" data-element_type=\"widget\" data-e-type=\"widget\" data-widget_type=\"heading.default\">\n\t\t\t\t<div class=\"elementor-widget-container\">\n\t\t\t\t\t<div class=\"elementor-heading-title elementor-size-default\">Hospital Nossa Senhora da Concei\u00e7\u00e3o - HNSC<\/div>\t\t\t\t<\/div>\n\t\t\t\t<\/div>\n\t\t\t\t<div class=\"elementor-element elementor-element-389986b elementor-widget elementor-widget-heading\" data-id=\"389986b\" data-element_type=\"widget\" data-e-type=\"widget\" data-widget_type=\"heading.default\">\n\t\t\t\t<div class=\"elementor-widget-container\">\n\t\t\t\t\t<div class=\"elementor-heading-title elementor-size-default\"><b>Endere\u00e7o:<\/b> Av. Francisco Trein, 596 - Cristo Redentor, Porto Alegre - RS, 91350-200<\/div>\t\t\t\t<\/div>\n\t\t\t\t<\/div>\n\t\t\t\t<div class=\"elementor-element elementor-element-270aadc elementor-widget elementor-widget-heading\" data-id=\"270aadc\" data-element_type=\"widget\" data-e-type=\"widget\" data-widget_type=\"heading.default\">\n\t\t\t\t<div class=\"elementor-widget-container\">\n\t\t\t\t\t<div class=\"elementor-heading-title elementor-size-default\"><b>Telefone:<\/b> (51) 3357-2000<\/div>\t\t\t\t<\/div>\n\t\t\t\t<\/div>\n\t\t\t\t\t<\/div>\n\t\t\t\t<\/div>\n\t\t\t\t\t<\/div>\n\t\t\t\t<\/div>\n\t\t<div class=\"elementor-element elementor-element-ebc6061 e-flex e-con-boxed e-con e-parent\" data-id=\"ebc6061\" data-element_type=\"container\" data-e-type=\"container\">\n\t\t\t\t\t<div class=\"e-con-inner\">\n\t\t<div class=\"elementor-element elementor-element-82f7e50 e-flex e-con-boxed e-con e-child\" data-id=\"82f7e50\" data-element_type=\"container\" data-e-type=\"container\" data-settings=\"{&quot;background_background&quot;:&quot;classic&quot;}\">\n\t\t\t\t\t<div class=\"e-con-inner\">\n\t\t\t\t<div class=\"elementor-element elementor-element-24841dc elementor-widget elementor-widget-heading\" data-id=\"24841dc\" data-element_type=\"widget\" data-e-type=\"widget\" data-widget_type=\"heading.default\">\n\t\t\t\t<div class=\"elementor-widget-container\">\n\t\t\t\t\t<div class=\"elementor-heading-title elementor-size-default\">Santa Casa de Porto Alegre<\/div>\t\t\t\t<\/div>\n\t\t\t\t<\/div>\n\t\t\t\t<div class=\"elementor-element elementor-element-65d635b elementor-widget elementor-widget-heading\" data-id=\"65d635b\" data-element_type=\"widget\" data-e-type=\"widget\" data-widget_type=\"heading.default\">\n\t\t\t\t<div class=\"elementor-widget-container\">\n\t\t\t\t\t<div class=\"elementor-heading-title elementor-size-default\"><b>Endere\u00e7o:<\/b> Av. Independ\u00eancia, 155 - Independ\u00eancia, Porto Alegre - RS, 90035-074<\/div>\t\t\t\t<\/div>\n\t\t\t\t<\/div>\n\t\t\t\t<div class=\"elementor-element elementor-element-266af5a elementor-widget elementor-widget-heading\" data-id=\"266af5a\" data-element_type=\"widget\" data-e-type=\"widget\" data-widget_type=\"heading.default\">\n\t\t\t\t<div class=\"elementor-widget-container\">\n\t\t\t\t\t<div class=\"elementor-heading-title elementor-size-default\"><b>Telefone:<\/b> (51) 3214-8000<\/div>\t\t\t\t<\/div>\n\t\t\t\t<\/div>\n\t\t\t\t\t<\/div>\n\t\t\t\t<\/div>\n\t\t\t\t\t<\/div>\n\t\t\t\t<\/div>\n\t\t\t\t<\/div>\n\t\t","protected":false},"excerpt":{"rendered":"<p>Centros de Refer\u00eancia Hospital de Cl\u00ednicas de Porto Alegre Endere\u00e7o: Rua Ramiro Barcelos, 2350 Bloco A, Av. Prot\u00e1sio Alves, 211 &#8211; Bloco B e C &#8211; Santa Cec\u00edlia, Porto Alegre &#8211; RS, 90035-903 Telefone: (51) 3359-8000 Hospital S\u00e3o Lucas da PUCRS Endere\u00e7o: Av. Ipiranga, 6690 &#8211; Partenon, Porto Alegre &#8211; RS, 90610-001 Telefone: (51) 3359-8000 [&hellip;]<\/p>\n","protected":false},"author":1,"featured_media":0,"parent":0,"menu_order":0,"comment_status":"closed","ping_status":"closed","template":"elementor_header_footer","meta":{"footnotes":""},"class_list":["post-30","page","type-page","status-publish","hentry"],"_links":{"self":[{"href":"https:\/\/sos.reumatologiars.com.br\/campanha\/wp-json\/wp\/v2\/pages\/30","targetHints":{"allow":["GET"]}}],"collection":[{"href":"https:\/\/sos.reumatologiars.com.br\/campanha\/wp-json\/wp\/v2\/pages"}],"about":[{"href":"https:\/\/sos.reumatologiars.com.br\/campanha\/wp-json\/wp\/v2\/types\/page"}],"author":[{"embeddable":true,"href":"https:\/\/sos.reumatologiars.com.br\/campanha\/wp-json\/wp\/v2\/users\/1"}],"replies":[{"embeddable":true,"href":"https:\/\/sos.reumatologiars.com.br\/campanha\/wp-json\/wp\/v2\/comments?post=30"}],"version-history":[{"count":28,"href":"https:\/\/sos.reumatologiars.com.br\/campanha\/wp-json\/wp\/v2\/pages\/30\/revisions"}],"predecessor-version":[{"id":218,"href":"https:\/\/sos.reumatologiars.com.br\/campanha\/wp-json\/wp\/v2\/pages\/30\/revisions\/218"}],"wp:attachment":[{"href":"https:\/\/sos.reumatologiars.com.br\/campanha\/wp-json\/wp\/v2\/media?parent=30"}],"curies":[{"name":"wp","href":"https:\/\/api.w.org\/{rel}","templated":true}]}}